{"id":28,"date":"2019-02-20T01:58:22","date_gmt":"2019-02-20T01:58:22","guid":{"rendered":"https:\/\/negociosuraba.com\/blog\/?page_id=28"},"modified":"2019-02-20T01:58:23","modified_gmt":"2019-02-20T01:58:23","slug":"autorizacion-para-tratamiento-de-datos-personales","status":"publish","type":"page","link":"https:\/\/www.negociosuraba.com\/blog\/autorizacion-para-tratamiento-de-datos-personales\/","title":{"rendered":"Autorizaci\u00f3n para tratamiento de datos personales"},"content":{"rendered":"\n<p>De conformidad con lo previsto en la Ley 1581 de 2012, el Decreto 1377 de 2013 y el Decreto 1074 de 2015 y dem\u00e1s disposiciones complementarias, declaro que entrego a negociosuraba.com, incluyendo a todas las sociedades matrices y subordinadas que de \u00e9l hagan parte y a otras con las que exista relaci\u00f3n de coordinaci\u00f3n y control o participaci\u00f3n societaria en sociedades comerciales o entidades sin \u00e1nimo de lucro, de forma libre y voluntaria datos personales no sensibles, que pueden comprender los siguientes:<\/p>\n\n\n\n<p>Nombre, n\u00famero de documento de identidad, domicilio, tel\u00e9fono, direcci\u00f3n f\u00edsica o postal, correo electr\u00f3nico, informaci\u00f3n de contacto, cargo dentro de la empresa donde trabaja, su salario, estado civil, foto, tipo de sangre, Registro \u00danico Tributario (R.U.T.) y de igual forma, su imagen personal podr\u00e1 ser captada a trav\u00e9s de las c\u00e1maras instaladas en las oficinas de negociosuraba.com cuando usted visita nuestras instalaciones;<br>\nInformaci\u00f3n que sea enviada a nosotros o consultada a trav\u00e9s de bases de datos de universidades, sitios web o redes sociales tales como Linkedin, ElEmpleo.com, entre otros medios donde usted haya incluido sus Datos Personales;<br>\nInformaci\u00f3n financiera cuando \u00e9sta sea necesaria para hacer un pago o presentar una factura, incluyendo el n\u00famero de sus cuentas bancarias, bancos donde usted tiene sus cuentas, referencias bancarias y comerciales.<br>\nDem\u00e1s datos que se requieran para el normal desarrollo de la relaci\u00f3n del Titular con el negociosuraba.com.<\/p>\n\n\n\n<p>Doy mi autorizaci\u00f3n expresa para que negociosuraba.com recolecte, clasifique, almacene, utilice archive y de cualquier otra manera traten mis Datos Personales para las siguientes finalidades de forma directa o por intermedio de terceros:<\/p>\n\n\n\n<p>Disponer de la informaci\u00f3n personal suministrada por sus clientes al momento de suscribir contratos, con el fin de dar cumplimiento a las obligaciones derivadas de los mismos;<br> Disponer la informaci\u00f3n personal suministrada por sus visitantes al momento del ingreso o el registro a trav\u00e9s de las plataformas virtuales de negociosuraba.com.<br> Realizar ofertas y promociones;<br> Realizar evaluaciones y\/o encuestas relacionados con el nivel de satisfacci\u00f3n de sus clientes y visitantes, en relaci\u00f3n con los productos y servicios prestados; <\/p>\n\n\n\n<p style=\"text-align:left\">Env\u00edo de comunicaciones de car\u00e1cter legal y comercial relacionadas con los productos y servicios prestados;<br> Ejecuci\u00f3n de an\u00e1lisis y perfilamiento de clientes que permita definir productos y servicios que se acomoden a sus necesidades;<br> Env\u00edo de comunicaciones sobre la realizaci\u00f3n de actividades y eventos organizados por negociosuraba.com; Desarrollo de investigaciones de mercado y h\u00e1bitos de consumo, an\u00e1lisis estad\u00edsticos y reportes de comportamiento de clientes; Para el normal desarrollo de la relaci\u00f3n contractual.<br> En relaci\u00f3n con los Datos Personales recolectados y tratados y de acuerdo con la Ley 1581 de 2012, he sido informado que tengo los siguientes derechos:<\/p>\n\n\n\n<p>Conocer, actualizar y corregir mis Datos Personales. Puedo ejercer este derecho, entre otros, en relaci\u00f3n con la informaci\u00f3n, parcial, inexacta, incompleta, dividida, informaci\u00f3n enga\u00f1osa o cuyo tratamiento sea prohibido o no autorizado. <\/p>\n\n\n\n<p>Requerir prueba del consentimiento otorgado para la recolecci\u00f3n y el tratamiento de mis Datos Personales.<br> Ser informado por negociosuraba.com del uso que se le han dado a mis Datos Personales.<\/p>\n\n\n\n<p>Presentar quejas ante la Superintendencia de Industria y Comercio en el caso en que haya una violaci\u00f3n por parte de negociosuraba.com, de las disposiciones de la Ley 1581 de 2012, Decreto 1377 de 2013, el Decreto 1074 de 2015 y otras normas que los modifiquen, adicionen o complementen.<br> Revocar la autorizaci\u00f3n otorgada para el tratamiento de mis Datos Personales.<br> Solicitar ser eliminado de su base de datos.<br> Tener acceso a mis Datos Personales que negociosuraba.com haya recolectado y tratado.<\/p>\n\n\n\n<p>negociosuraba.com \u00fanicamente usar\u00e1 los Datos Personales dentro del uso que usted haya autorizado, solo lo transmitir\u00e1 a clientes o terceros cuando ello sea necesario como resultado del giro ordinario de la operaci\u00f3n de negociosuraba.com, y a autoridades judiciales y administrativas cuando as\u00ed sea requerido mediante orden judicial o administrativa. negociosuraba.com resguardar\u00e1 y proteger\u00e1 los Datos Personales recibidos en su domicilio, limitando su uso y divulgaci\u00f3n al objeto autorizado.<\/p>\n\n\n\n<p>Con la firma de este documento autorizo a que mis Datos Personales sean recolectados y tratados de conformidad con la pol\u00edtica de privacidad o pol\u00edtica de tratamiento de la informaci\u00f3n de negociosuraba.com, la cual est\u00e1 disponible en la p\u00e1gina web http:\/\/www.negociosuraba.com\/politica-tratamiento-datos-personales<\/p>\n\n\n\n<p>negociosuraba.com adem\u00e1s cuenta con c\u00e1maras de seguridad en sus instalaciones, por medio de las cuales su imagen personal quedar\u00e1 grabada cada vez que usted visite las instalaciones. A estas im\u00e1genes solamente tendr\u00e1 acceso el Departamento de Seguridad de negociosuraba.com. Las im\u00e1genes personales de las personas que visitan las instalaciones quedar\u00e1n grabadas en el DVR, por ocho (8) d\u00edas, y despu\u00e9s ser\u00e1n borradas de manera autom\u00e1tica, salvo caso de violaci\u00f3n o sospecha de violaci\u00f3n a las medidas de seguridad implementadas, en cuyo caso podr\u00e1n permanecer grabadas hasta tanto se resuelva o aclare de forma definitiva la situaci\u00f3n que dio lugar a la sospecha.<\/p>\n\n\n\n<p>Con el fin de ejercer los derechos anteriormente descritos, realizar consultas o reclamos relacionados mis Datos Personales recolectados y tratados, he sido informado que puedo contactar al Oficial de Protecci\u00f3n de Datos de negociosuraba.com en info@negociosuraba.com<\/p>\n\n\n\n<p>Teniendo en cuenta los anterior, autorizo de manera voluntaria, previa, expl\u00edcita, informada e inequ\u00edvoca a negociosuraba.com, para recolectar y tratar mis datos personales, con la finalidad anteriormente descrita, as\u00ed como el contacto a trav\u00e9s de medios telef\u00f3nicos, electr\u00f3nicos (SMS, correo electr\u00f3nico y dem\u00e1s medios considerados electr\u00f3nicos) f\u00edsicos y\/o personales.<\/p>\n","protected":false},"excerpt":{"rendered":"<p>De conformidad con lo previsto en la Ley 1581 de 2012, el Decreto 1377 de 2013 y el Decreto 1074 de 2015 y dem\u00e1s disposiciones complementarias, declaro que entrego a&hellip;<\/p>\n","protected":false},"author":1,"featured_media":0,"parent":0,"menu_order":0,"comment_status":"closed","ping_status":"closed","template":"","meta":{"content-type":"","om_disable_all_campaigns":false,"_monsterinsights_skip_tracking":false,"_monsterinsights_sitenote_active":false,"_monsterinsights_sitenote_note":"","_monsterinsights_sitenote_category":0,"_uf_show_specific_survey":0,"_uf_disable_surveys":false,"footnotes":"","_joinchat":[]},"aioseo_notices":[],"_links":{"self":[{"href":"https:\/\/www.negociosuraba.com\/blog\/wp-json\/wp\/v2\/pages\/28"}],"collection":[{"href":"https:\/\/www.negociosuraba.com\/blog\/wp-json\/wp\/v2\/pages"}],"about":[{"href":"https:\/\/www.negociosuraba.com\/blog\/wp-json\/wp\/v2\/types\/page"}],"author":[{"embeddable":true,"href":"https:\/\/www.negociosuraba.com\/blog\/wp-json\/wp\/v2\/users\/1"}],"replies":[{"embeddable":true,"href":"https:\/\/www.negociosuraba.com\/blog\/wp-json\/wp\/v2\/comments?post=28"}],"version-history":[{"count":1,"href":"https:\/\/www.negociosuraba.com\/blog\/wp-json\/wp\/v2\/pages\/28\/revisions"}],"predecessor-version":[{"id":29,"href":"https:\/\/www.negociosuraba.com\/blog\/wp-json\/wp\/v2\/pages\/28\/revisions\/29"}],"wp:attachment":[{"href":"https:\/\/www.negociosuraba.com\/blog\/wp-json\/wp\/v2\/media?parent=28"}],"curies":[{"name":"wp","href":"https:\/\/api.w.org\/{rel}","templated":true}]}}