{"id":436,"date":"2025-01-17T22:56:11","date_gmt":"2025-01-18T03:56:11","guid":{"rendered":"https:\/\/www.negociosuraba.com\/blog\/?page_id=436"},"modified":"2025-04-27T19:52:18","modified_gmt":"2025-04-28T00:52:18","slug":"municipio-de-turbo","status":"publish","type":"page","link":"https:\/\/www.negociosuraba.com\/blog\/municipio-de-turbo\/","title":{"rendered":"Municipio de Turbo"},"content":{"rendered":"\n<h1 class=\"wp-block-heading\">Puerta al Caribe<\/h1>\n\n\n\n<p>Turbo es la puerta de entrada al mar Caribe y uno de los municipios m\u00e1s importantes del Urab\u00e1 antioque\u00f1o. Su historia est\u00e1 marcada por la influencia afrocolombiana y la conexi\u00f3n mar\u00edtima con otros puntos del Caribe.<\/p>\n\n\n\n<p><strong>Lo interesante:<\/strong> En Turbo, el clima c\u00e1lido y las playas paradis\u00edacas son un atractivo irresistible. Adem\u00e1s, es un punto estrat\u00e9gico para explorar el Parque Nacional Natural de Los Kat\u00edos y las islas del Caribe.<\/p>\n\n\n\n<p><strong>Ferias y fiestas:<\/strong> La Fiesta del Mar, celebrada en agosto, es la m\u00e1s destacada. Este evento es una explosi\u00f3n de m\u00fasica, danzas y cultura caribe\u00f1a que refleja el alma de la regi\u00f3n.<\/p>\n","protected":false},"excerpt":{"rendered":"<p>Puerta al Caribe Turbo es la puerta de entrada al mar Caribe y uno de los municipios m\u00e1s importantes del Urab\u00e1 antioque\u00f1o. Su historia est\u00e1 marcada por la influencia afrocolombiana&hellip;<\/p>\n","protected":false},"author":1,"featured_media":437,"parent":0,"menu_order":0,"comment_status":"closed","ping_status":"closed","template":"","meta":{"content-type":"","om_disable_all_campaigns":false,"_monsterinsights_skip_tracking":false,"_monsterinsights_sitenote_active":false,"_monsterinsights_sitenote_note":"","_monsterinsights_sitenote_category":0,"_uf_show_specific_survey":0,"_uf_disable_surveys":false,"footnotes":"","_joinchat":[]},"aioseo_notices":[],"_links":{"self":[{"href":"https:\/\/www.negociosuraba.com\/blog\/wp-json\/wp\/v2\/pages\/436"}],"collection":[{"href":"https:\/\/www.negociosuraba.com\/blog\/wp-json\/wp\/v2\/pages"}],"about":[{"href":"https:\/\/www.negociosuraba.com\/blog\/wp-json\/wp\/v2\/types\/page"}],"author":[{"embeddable":true,"href":"https:\/\/www.negociosuraba.com\/blog\/wp-json\/wp\/v2\/users\/1"}],"replies":[{"embeddable":true,"href":"https:\/\/www.negociosuraba.com\/blog\/wp-json\/wp\/v2\/comments?post=436"}],"version-history":[{"count":1,"href":"https:\/\/www.negociosuraba.com\/blog\/wp-json\/wp\/v2\/pages\/436\/revisions"}],"predecessor-version":[{"id":438,"href":"https:\/\/www.negociosuraba.com\/blog\/wp-json\/wp\/v2\/pages\/436\/revisions\/438"}],"wp:featuredmedia":[{"embeddable":true,"href":"https:\/\/www.negociosuraba.com\/blog\/wp-json\/wp\/v2\/media\/437"}],"wp:attachment":[{"href":"https:\/\/www.negociosuraba.com\/blog\/wp-json\/wp\/v2\/media?parent=436"}],"curies":[{"name":"wp","href":"https:\/\/api.w.org\/{rel}","templated":true}]}}