{"id":51,"date":"2019-02-21T04:29:42","date_gmt":"2019-02-21T04:29:42","guid":{"rendered":"http:\/\/negociosuraba.com\/?page_id=51"},"modified":"2019-04-14T01:03:32","modified_gmt":"2019-04-14T01:03:32","slug":"politicas-de-privacidad-y-condiciones-de-uso","status":"publish","type":"page","link":"https:\/\/www.negociosuraba.com\/blog\/politicas-de-privacidad-y-condiciones-de-uso\/","title":{"rendered":"Pol\u00edticas de Privacidad y Condiciones de Uso"},"content":{"rendered":"\n<p> Pol\u00edticas de Tratamiento de Datos Personales de negociosuraba.com<br> Consulte la Resoluci\u00f3n &#8220;Por la cual se actualiza la Pol\u00edtica de Tratamiento de Datos Personales del negociosuraba.com&#8221;.<\/p>\n\n\n\n<p>Resoluci\u00f3n 2007 de 2018<\/p>\n\n\n\n<p>Condiciones de Uso<br>Apreciado Usuario: el sitio web del -NEGOCIOSURABA- www.negociosuraba.com (en adelante el Sitio Web) tiene como funci\u00f3n principal proveer informaci\u00f3n y servicios as\u00ed como divulgar y promover normas y directrices del &#8211; NEGOCIOS URABA &#8211; (en adelante negociosuraba.com).<\/p>\n\n\n\n<p>Por medio del Sitio Web, negociosuraba.com publica, entre otros, los temas y actividades que tienen que ver con su misi\u00f3n, su visi\u00f3n, objetivos y las funciones que le corresponden. Adicionalmente, por este medio la entidad da a conocer informaci\u00f3n sobre Pol\u00edticas, planes, programas y proyectos institucionales, Tr\u00e1mites; Servicios; Indicadores de Gesti\u00f3n; Planes y Programas; Publicaciones; Normas; Convocatorias; Informaci\u00f3n presupuestal y de contrataci\u00f3n; p\u00e1ginas recomendadas, y, en general, informaci\u00f3n relacionada con el gobierno y la entidad o del los programas que desarrollan las entidades si es el caso. Adicionalmente, permite la opci\u00f3n de solicitar tr\u00e1mites en l\u00ednea y ofrece herramientas de interacci\u00f3n para los usuarios del sitio.<\/p>\n\n\n\n<p>negociosuraba.com se lucra, y obtiene ganancia o inter\u00e9s comercial con los contenidos o links que se publican en su Sitio Web y en las p\u00e1ginas web de otras dependencias o entidades adscritas y vinculadas, a los cuales se accede a trav\u00e9s del Sitio Web.<\/p>\n\n\n\n<p>negociosuraba.com solicita al Usuario de esta p\u00e1gina, que lea detallada y juiciosamente estas condiciones de uso (en adelante las Condiciones de Uso) y la pol\u00edtica de privacidad de este Sitio Web, antes de iniciar su exploraci\u00f3n o utilizaci\u00f3n. Si el Usuario no est\u00e1 de acuerdo con estas Condiciones de Uso o con cualquier disposici\u00f3n de la Pol\u00edtica de Privacidad, le sugerimos que se abstenga de acceder o navegar por el Sitio Web de nuestra entidad.<\/p>\n\n\n\n<ol><li>Definiciones<\/li><\/ol>\n\n\n\n<p>Para facilitar la comprensi\u00f3n de estas Condiciones de Uso del Sitio Web, se hace necesario aclarar el significado de las siguientes palabras:<\/p>\n\n\n\n<p>a. Contenidos. Implican todas las formas de informaci\u00f3n o datos que se divulgan en la p\u00e1gina web, entre los que se encuentran: textos, im\u00e1genes, fotos, logos, dise\u00f1os, animaciones.<\/p>\n\n\n\n<p>b. Derechos de Propiedad Intelectual. incluye lo relativo a marcas, nombres comerciales, logos, ense\u00f1as, lemas, nombres de dominio, secretos empresariales, saber-hacer, dise\u00f1os industriales, patentes, modelos de utilidad y derecho de autor.<\/p>\n\n\n\n<p>c. Foro. Servicio automatizado de mensajes, a menudo moderado por un propietario, a trav\u00e9s del cual los suscriptores reciben mensajes dejados por otros suscriptores por un tema dado. Los mensajes se env\u00edan por correo electr\u00f3nico.<\/p>\n\n\n\n<p>d. Internet. Herramienta de comunicaci\u00f3n con decenas de miles de redes de computadoras unidas por el protocolo TCP\/IP. Sobre esta red se pueden utilizar m\u00faltiples servicios como por ejemplo correos electr\u00f3nicos, www, etc.<\/p>\n\n\n\n<p>e. P\u00e1gina web. Resultado en hipertexto o hipermedia que proporciona un navegador del www despu\u00e9s de obtener la informaci\u00f3n solicitada. Su contenido puede ir desde un texto corto a un voluminoso conjunto de textos, gr\u00e1ficos est\u00e1ticos o en movimiento, sonido, etc.<\/p>\n\n\n\n<p>f. Publicar. Hacer que un documento sea visible desde el Sitio Web.<\/p>\n\n\n\n<p>g. Servicios. Son las ayudas en l\u00ednea que la negociosuraba.com provee actualmente o que piensa proveer en el futuro a los usuarios, por medio de esta p\u00e1gina web, como publicaci\u00f3n de noticias o actividades propias de la gesti\u00f3n institucional; tr\u00e1mites en l\u00ednea; consultas; foros y buz\u00f3n de quejas y reclamos, entre otros.<\/p>\n\n\n\n<p>h. Usuario. Es toda persona que ingresa al Sitio Web. Puede registrarse en caso de que requiera realizar un tr\u00e1mite o recibir un servicio de la entidad; o para poner una queja mediante el uso del buz\u00f3n de Quejas y Reclamos, creado para este efecto.<\/p>\n\n\n\n<p>i. V\u00ednculo (link en ingl\u00e9s). Apuntadores hipertexto que sirven para saltar de una informaci\u00f3n a otra, o de un servidor web a otro, cuando se navega por Internet.<\/p>\n\n\n\n<ol><li>Aceptaci\u00f3n de T\u00e9rminos<br>\nSe presume que cuando un usuario accede al sitio Web lo hace bajo su total responsabilidad y que, por tanto, acepta plenamente y sin reservas el contenido de los t\u00e9rminos y condiciones de uso del sitio Web. negociosuraba.com se reserva, en todos los sentidos, el derecho de actualizar y modificar en cualquier momento y de cualquier forma, de manera unilateral y sin previo aviso, las presentes condiciones de uso, pol\u00edticas de privacidad y los contenidos de la p\u00e1gina.<\/li><li>Contenidos del Sitio Web<\/li><\/ol>\n\n\n\n<p>El sitio Web tiene por finalidad brindar al usuario todo tipo de informaci\u00f3n relacionada con la gesti\u00f3n de la entidad en todos los planes, programas, por medio de boletines, cifras, noticias. En ning\u00fan caso esta informaci\u00f3n deber\u00e1 considerarse como exhaustiva, completa o que de cualquier forma satisfaga todas las necesidades del Usuario.<\/p>\n\n\n\n<p>El Sitio Web puede tener enlaces a otros sitios de inter\u00e9s o a documentos localizados en otras p\u00e1ginas web de propiedad de otras entidades, personas u organizaciones diferentes a negociosuraba.com. Solamente por el hecho de que el usuario acceda a otro sitio web o a un documento individual localizado en otra p\u00e1gina, a trav\u00e9s de un link o un v\u00ednculo establecido en el Sitio Web, el usuario deber\u00e1 someterse a las condiciones de uso y a la pol\u00edtica de privacidad de la p\u00e1gina web a la que env\u00eda el link.<\/p>\n\n\n\n<p>El establecimiento de un v\u00ednculo (link) con el sitio web de otra empresa, entidad o programa no implica necesariamente la existencia de relaciones entre negociosuraba.com y el propietario del sitio o p\u00e1gina Web vinculada, ni la aceptaci\u00f3n o aprobaci\u00f3n por parte de negociosuraba.com de sus contenidos o servicios. Aquellas personas que se propongan establecer un vinculo (link) se asegurar\u00e1n de que el mismo \u00fanicamente permita el acceso a la p\u00e1gina de inicio Web.<\/p>\n\n\n\n<p>As\u00ed mismo, negociosuraba.com no se hace responsable respecto a la informaci\u00f3n que se halle fuera de este Sitio Web y no sea gestionada directamente por el administrador del Sitio Web. Los v\u00ednculos (links) que aparecen en el Sitio Web tienen como prop\u00f3sito informar al Usuario sobre la existencia de otras fuentes susceptibles de ampliar los contenidos que ofrece el Sitio Web, o que guardan relaci\u00f3n con aqu\u00e9llos. negociosuraba.com no garantiza ni se responsabiliza del funcionamiento o accesibilidad de las p\u00e1ginas web enlazadas; ni sugiere, invita o recomienda la visita a las mismas, por lo que tampoco ser\u00e1 responsable del resultado obtenido. Por lo tanto, el acceso a las mismas a trav\u00e9s del Sitio Web tampoco implica que negociosuraba.com recomiende o apruebe sus contenidos.<\/p>\n\n\n\n<p>Por otra parte, la prestaci\u00f3n del servicio del Sitio Web es de car\u00e1cter libre y gratuito para los usuarios.<\/p>\n\n\n\n<p>El Sitio Web contiene art\u00edculos u obras de car\u00e1cter literario y cient\u00edfico (en adelante, Informaci\u00f3n) elaborados por negociosuraba.com o por terceros, con fines informativos, y divulgativos. negociosuraba.com puede modificar o retirar la Informaci\u00f3n en cualquier momento y sin aviso previo. Las opiniones vertidas en los comentarios realizados por los Usuarios no reflejan necesariamente los puntos de vista de negociosuraba.com.<\/p>\n\n\n\n<p>Queda expresamente prohibido el uso del Sitio Web que de cualquier forma sobrecarguen, da\u00f1en o inutilicen las redes, servidores y dem\u00e1s equipos inform\u00e1ticos o productos y aplicaciones inform\u00e1ticas de negociosuraba.com o de terceros.<\/p>\n\n\n\n<p>negociosuraba.com no se hace responsable del servicio ininterrumpido o libre de error de la p\u00e1gina. negociosuraba.com hace sus mejores esfuerzos para que el contenido suministrado sea de \u00f3ptima calidad, y en tal sentido el Usuario acepta utilizar el servicio.<\/p>\n\n\n\n<p>El Usuario no puede emplear los contenidos y, en particular, la informaci\u00f3n de cualquier otra clase obtenida a trav\u00e9s de negociosuraba.com o de los servicios, para emitir publicidad.<\/p>\n\n\n\n<p>El Usuario del Sitio Web no alterar\u00e1, bloquear\u00e1 o realizar\u00e1 cualquier otro acto que impida mostrar o acceder a cualquier contenido, informaci\u00f3n o servicios del Sitio Web o que est\u00e9n incorporados en las p\u00e1ginas web vinculadas.<\/p>\n\n\n\n<p>3.3. Responsabilidad por la informaci\u00f3n contenida<\/p>\n\n\n\n<p>Debido a que en la actualidad los medios t\u00e9cnicos no permiten garantizar la absoluta falta de injerencia de la acci\u00f3n de terceras personas en el Sitio Web, negociosuraba.com de ninguna manera asegura la exactitud y\/o veracidad de todo o parte de la informaci\u00f3n contenida en su p\u00e1gina, ni su actualizaci\u00f3n, ni que dicha informaci\u00f3n haya sido alterada o modificada en todo o en parte, luego de haber sido publicada en la p\u00e1gina, ni cualquier otro aspecto o caracter\u00edstica de lo publicado en el sitio o en los enlaces, respectivamente.<\/p>\n\n\n\n<p>negociosuraba.com no controla ni garantiza la ausencia de virus ni de otros elementos en los contenidos que puedan producir alteraciones en su sistema inform\u00e1tico (software y hardware) o en los documentos electr\u00f3nicos y ficheros almacenados en su sistema inform\u00e1tico.<\/p>\n\n\n\n<p>En consecuencia con lo anterior, negociosuraba.com no se har\u00e1 responsable de ning\u00fan da\u00f1o ocasionado en virtud de cualquier alteraci\u00f3n que se haya efectuado a los materiales o archivos de descarga suministrados directamente por la entidad.<\/p>\n\n\n\n<p>El Usuario no enviar\u00e1 o transmitir\u00e1 en el Sitio Web o hacia el mismo, a otros usuarios usuarios o a cualquier persona, cualquier informaci\u00f3n de contenido obsceno, difamatorio, injuriante, calumniante o discriminatorio contra cualquier persona, o contra negociosuraba.com, sus filiales o entidades adscritas, sus funcionarios o contra los responsables de la administraci\u00f3n del Sitio Web.<\/p>\n\n\n\n<p>En ning\u00fan caso se aceptar\u00e1n contenidos que pueden ser considerados como ofensivos, sexistas, racistas, discriminatorios, obscenos, en la medida que contenidos ofensivos atentan contra derechos fundamentales de los particulares.<\/p>\n\n\n\n<ol><li>Propiedad intelectual<\/li><\/ol>\n\n\n\n<p>La propiedad intelectual sobre los contenidos del Sitio Web o bien hacen parte del patrimonio de negociosuraba.com o, en su caso, su titularidad es de terceros que autorizaron el uso de los mismos en el Sitio Web o es informaci\u00f3n p\u00fablica que se rige por las leyes de acceso a la informaci\u00f3n p\u00fablica colombianas.<\/p>\n\n\n\n<p>Los textos y elementos gr\u00e1ficos que constituyen la p\u00e1gina Web, as\u00ed como su presentaci\u00f3n y montaje, o son titularidad exclusiva de negociosuraba.com o \u00e9sta ostenta los derechos de explotaci\u00f3n necesarios. Sin perjuicio de lo anterior, los nombres comerciales, marcas o signos distintivos que aparecen o a los que se hace alusi\u00f3n en el Sitio Web, pertenecen a sus respectivos propietarios y se encuentran protegidos por la legislaci\u00f3n vigente al respecto.<\/p>\n\n\n\n<p>Se proh\u00edbe cualquier uso, transformaci\u00f3n o explotaci\u00f3n de los contenidos incluidos en el Sitio Web con finalidades comerciales o promocionales salvo autorizaci\u00f3n previa de negociosuraba.com; en cualquier caso se proh\u00edbe cualquier uso contrario a la ley y del Sitio Web para uso personal y no comercial, siempre y cuando se haga expresa menci\u00f3n de la propiedad en cabeza del autor del contenido.<\/p>\n\n\n\n<p>Todos los logotipos y marcas de la p\u00e1gina Web son de propiedad de negociosuraba.com o su uso ha sido autorizado por sus titulares a negociosuraba.com, siendo, en todo caso, los titulares los responsables de cualquier posible controversia que pudiera darse respecto de ellos. Los titulares de dichas marcas y logotipos se reservan el derecho de entablar las acciones legales que consideren convenientes para hacer valer sus derechos tanto en Colombia como en el exterior.<\/p>\n\n\n\n<p>El Usuario acepta que los contenidos generados y subidos por \u00e9l ser\u00e1n de propiedad de negociosuraba.com, conservando el Usuario los derechos morales sobre dichos contenidos.<\/p>\n\n\n\n<p>En caso de reclamaciones que pudieran interponerse por los usuarios o por terceros en relaci\u00f3n con posibles incumplimientos de los derechos de propiedad intelectual sobre cualquiera de los contenidos del Sitio Web deber\u00e1n dirigirse a la siguiente direcci\u00f3n de correo electr\u00f3nico: usoweb@negociosuraba.com Una vez notificado a este correo, dicho contenido ser\u00e1 autom\u00e1ticamente eliminado del Sitio Web hasta que quien haya publicado el contenido en disputa haya resuelto el conflicto con quien env\u00eda la reclamaci\u00f3n.<\/p>\n\n\n\n<ol><li>Privacidad<\/li><\/ol>\n\n\n\n<p>Se entiende por informaci\u00f3n personal aquella suministrada por el Usuario para el registro, la cual incluye datos como nombre, identificaci\u00f3n, edad, g\u00e9nero, direcci\u00f3n, correo electr\u00f3nico y tel\u00e9fono.<\/p>\n\n\n\n<p>El almacenamiento, y uso de la informaci\u00f3n personal se rige por las Pol\u00edticas de Privacidad del Sitio Web.<\/p>\n\n\n\n<ol><li>Ley aplicable y jurisdicci\u00f3n<\/li><\/ol>\n\n\n\n<p>a. Estas condiciones de uso del Sitio Web ser\u00e1n rigen por las leyes de la Rep\u00fablica de Colombia.<\/p>\n\n\n\n<p>b. Si cualquier disposici\u00f3n de estas condiciones pierde validez o fuerza obligatoria, por cualquier raz\u00f3n, todas las dem\u00e1s disposiciones, conservan su fuerza obligatoria, car\u00e1cter vinculante y generar\u00e1n todos sus efectos.<\/p>\n\n\n\n<p>c. Para cualquier efecto legal o judicial, el lugar de las presentes condiciones es la regi\u00f3n de Urab\u00e1, Rep\u00fablica de Colombia, y cualquier controversia que surja de su interpretaci\u00f3n o aplicaci\u00f3n se someter\u00e1 a los jueces de la Rep\u00fablica de Colombia.<\/p>\n\n\n\n<ol><li>Participaci\u00f3n dentro del Sitio Web<\/li><\/ol>\n\n\n\n<p>7.1 Por el hecho de ingresar al Sitio Web y para garantizar el buen y adecuado uso del mismo, el usuario reconoce que negociosuraba.com se reserva el derecho de:<\/p>\n\n\n\n<ul><li>Negar el registro a cualquier persona, en cualquier momento y por cualquier raz\u00f3n.<\/li><li>Incluir o no en el Sitio Web el material recibido de los usuarios a su criterio. En el caso de incluirlo, podr\u00e1 mantener en el Sitio Web dicho material por el lapso que considere pertinente o modificarlo.<\/li><li>Remover, sin que sea obligatorio, contenidos que a juicio de negociosuraba.com sean ilegales, ofensivos, difamatorios o que de cualquier otra forma violen \u00e9stos Condiciones de Uso. As\u00ed mismo, podr\u00e1n ser retirados los contenidos que violen derechos de propiedad intelectua, a solicitud de \u00e9ste.<\/li><li>Utilizar la informaci\u00f3n personal y\/o contenidos suministrados por los Usuarios de acuerdo con las Condiciones de Uso del Sitio Web y la Pol\u00edtica de Privacidad .<\/li><\/ul>\n\n\n\n<p>7.2 Registro y Participaci\u00f3n del usuario.<\/p>\n\n\n\n<p>Por el hecho de ingresar a la P\u00e1gina Web y para garantizar el buen y adecuado uso de la misma, el Usuario deber\u00e1 cumplir con lo siguiente:<\/p>\n\n\n\n<ul><li>Ser responsable por cualquier actividad que se lleve acabo bajo su registro.<\/li><li>Ser responsable de la seguridad de su contrase\u00f1a.<\/li><li>No abusar, acosar, amenazar o intimidar a otros usuarios del Sitio Web ya sea a trav\u00e9s de los chats, foros, blogs o cualquier otro espacio de participaci\u00f3n.<\/li><li>No usar el Sitio Web como medio para desarrollar actividades ilegales o no autorizadas tanto en Colombia, como en cualquier otro pa\u00eds.<\/li><li>Ser el \u00fanico responsable por su conducta y por el contenido de textos, gr\u00e1ficos, fotos, videos o cualquier otro tipo de informaci\u00f3n de la cual haga uso o incluya en el Sitio Web.<\/li><li>Abstenerse de enviar correo electr\u00f3nico no deseado (SPAM) a otros usuarios de este Sitio Web, as\u00ed como tambi\u00e9n de transmitirles virus o cualquier c\u00f3digo de naturaleza destructiva.<\/li><\/ul>\n\n\n\n<p>negociosuraba.com no ser\u00e1 responsable por el incumplimiento por parte del usuario de las reglas anteriores, y el usuario mantendr\u00e1 a negociosuraba.com indemne por todo concepto en caso de violaci\u00f3n de las mismas.<\/p>\n\n\n\n<p>7.3 Foros, blogs, chats, comentarios y otros espacios de participaci\u00f3n<\/p>\n\n\n\n<p>El usuario reconoce que su participaci\u00f3n en cualquier foro, chat, comentario, blog y\/o cualquier otro espacio de participaci\u00f3n del Sitio Web, ser\u00e1 bajo su exclusiva responsabilidad, y que de igual forma, las opiniones y\/o acciones y\/o comportamiento de otros usuarios en tales espacios son responsabilidad exclusiva de quienes las emiten o realizan, por lo cual negociosuraba.com no se hace responsable ni garantiza la calidad o idoneidad de tales conductas u opiniones, ni por las consecuencias que ellas pudieren acarrear a favor y\/ o en contra de otros usuarios o de terceros.<\/p>\n\n\n\n<p>El dise\u00f1o, manejo, finalidad y caracter\u00edsticas de los diferentes espacios de participaci\u00f3n del Sitio Web es discrecional de negociosuraba.com, quien podr\u00e1 en cualquier momento cambiarlos y\/o eliminarlos, y\/o determinar la cantidad de participantes admitidos en cada uno de ellos.<\/p>\n\n\n\n<p>La participaci\u00f3n en los foros, chats, comentarios y otros espacios similares de participaci\u00f3n dentro del Sitio Web (en adelante &#8220;los Espacios&#8221;) implican la aceptaci\u00f3n y conocimiento por parte del usuario de estas Condiciones de Uso, as\u00ed como el compromiso irrevocable de cada usuario de respetar dichas Condiciones de Uso, siendo entendido y aceptado que eximen a negociosuraba.com y mantendr\u00e1n indemne a negociosuraba.com de cualquier responsabilidad que se derive del incumplimiento a tal compromiso, lo cual incluye da\u00f1os y perjuicios causados a otros usuarios y\/o cualquier tercero afectado. Si un usuario no est\u00e1 conforme o de acuerdo con los presentes T\u00e9rminos y Condiciones de la P\u00e1gina Web, negociosuraba.com le sugiere no participar en \u00e9l y\/o en los Espacios.<\/p>\n\n\n\n<p>Cada usuario acepta y faculta expresa e irrevocablemente a negociosuraba.com para revisar los comentarios u opiniones vertidos en los Espacios y\/o suprimir los que no se adecuen a las normas de convivencia plasmadas en las Condiciones de Uso del Sitio Web, as\u00ed como a interrumpir la comunicaci\u00f3n en caso que lo considere conveniente por tales motivos. De igual forma negociosuraba.com se reserva el derecho de ejercer tal facultad cuando as\u00ed lo estime conveniente, a su discreci\u00f3n, sin que por tal raz\u00f3n sea factible imputar responsabilidad alguna a negociosuraba.com por el no ejercicio de la facultad y\/o por la existencia, ingreso, participaci\u00f3n de usuarios no deseables y\/o de comentarios u opiniones que no atienden estas recomendaciones.<\/p>\n\n\n\n<p>Teniendo en cuenta que los comentarios y opiniones vertidas en los foros, comentarios y Blogs no provendr\u00e1n de negociosuraba.com sino de terceros absolutamente ajenos, negociosuraba.com no se responsabiliza por el tenor de los mismos, as\u00ed como tampoco presta conformidad ni discrepa con ellos, siendo entendido que emanan exclusivamente de su autor, y quedan bajo su completa responsabilidad.<\/p>\n\n\n\n<p>Asimismo, queda absolutamente prohibido ingresar comentarios, mensajes, opiniones, informaci\u00f3n, o similares, de contenido difamatorio, abusivo, contrario a la moral y las buenas costumbres, discriminatorio, ofensivo, obsceno, intimidatorio, calumnioso, inapropiado, ilegal, violatorio de derechos de terceros de cualquier \u00edndole, incluidos los derechos de los menores de edad, que cause da\u00f1os y\/o perjuicios, o impida o limite el derecho propio o ajeno a usar los Espacios y dem\u00e1s cap\u00edtulos del sitio, constituya un delito o apolog\u00eda a un delito y\/o incite a la violencia y\/o a la comisi\u00f3n de delitos. Tampoco est\u00e1 permitido publicitar productos y\/o servicios de cualquier tipo dentro de &#8220;los espacios&#8221;, ni utilizar o enviar virus, o desviarse de los temas propuestos en los foros.<\/p>\n\n\n\n<p>Ahora bien, en el supuesto de que este tipo de comentarios, mensajes, opiniones, informaci\u00f3n, o similares, ingrese en &#8220;los espacios&#8221;, los usuarios, aceptan en forma expresa e incondicionada que negociosuraba.com, sus empleados, proveedores, o anunciantes, NO ser\u00e1n responsables en modo alguno por las consecuencias de cualquier tipo y alcance que los mismos pudieran generar, frente a cualquier tercero, ya sea en virtud de su inclusi\u00f3n dentro de &#8220;los espacios&#8221; o por cualquier causa relacionada directa o indirectamente con el uso de los mismos.<\/p>\n\n\n\n<p>Asimismo, negociosuraba.com, sus empleados, proveedores o anunciantes, NO ser\u00e1n responsables de modo alguno en el supuesto que los comentarios, informaci\u00f3n, mensajes, opiniones, o similares, se vean afectados, eliminados, alterados, o modificados de alguna manera.<\/p>\n\n\n\n<p>Los Usuarios se abstendr\u00e1n de iniciar cualquier acci\u00f3n o reclamaci\u00f3n contra negociosuraba.com relacionada con, o derivada de, la informaci\u00f3n, contenido, opini\u00f3n o comentario proveniente de otro Usuario y\/o de un tercero ajeno a negociosuraba.com, siendo aceptado por los usuarios que tales acciones o reclamaciones solo podr\u00e1n ser iniciadas contra su directo responsable, para lo cual deber\u00e1n promover las acciones legales pertinentes, bajo los procedimientos legalmente establecidos para el efecto. negociosuraba.com podr\u00e1 abstenerse de suministrar la informaci\u00f3n disponible sobre el presunto infractor cuando a su juicio tal informaci\u00f3n est\u00e9 protegida por la confidencialidad ofrecida a los usuarios, en cuyo caso, el suministro estar\u00e1 condicionado a la solicitud de autoridad competente.<\/p>\n\n\n\n<p>negociosuraba.com, a su s\u00f3lo juicio, se reserva el derecho de excluir de los Espacios, a aquellos usuarios que no se atengan a las presentes reglas o que no respeten los principios b\u00e1sicos de sana convivencia. As\u00ed como tambi\u00e9n de interrumpir y\/o eliminar y\/o excluir, total o parcialmente, en todos los casos, todo aquel mensaje, opini\u00f3n, informaci\u00f3n o similares que no se adecuen o resulten violatorios de las reglas y\/o principios antes indicados.<\/p>\n\n\n\n<p>Cada Usuario deber\u00e1 denunciar cualquier violaci\u00f3n a Condiciones de Uso del Sitio Web por parte de otros Usuarios, de la que tenga conocimiento, para lo cual remitir\u00e1 un correo electr\u00f3nico a usoweb@negociosuraba.com a fin de que negociosuraba.com tome las medidas que est\u00e9n a su alcance respecto del Sitio Web.<\/p>\n\n\n\n<p>8.- Modificaciones a las condiciones de uso<\/p>\n\n\n\n<p>negociosuraba.com podr\u00e1 modificar las Condiciones de Uso aqu\u00ed contenidos, a su libre elecci\u00f3n y en cualquier momento y los mismos estar\u00e1n vigentes una vez hayan publicado en la p\u00e1gina Web.<\/p>\n\n\n\n<p>El Usuario se compromete a revisar peri\u00f3dicamente esta secci\u00f3n para estar informado de tales modificaciones y cada nuevo acceso del usuario a la p\u00e1gina ser\u00e1 considerado una aceptaci\u00f3n t\u00e1cita de las nuevas condiciones.<\/p>\n\n\n\n<p>Estas Condiciones de Uso fueron actualizadas por \u00faltima vez el 2 de FEBRERO de 2019.<\/p>\n","protected":false},"excerpt":{"rendered":"<p>Pol\u00edticas de Tratamiento de Datos Personales de negociosuraba.com Consulte la Resoluci\u00f3n &#8220;Por la cual se actualiza la Pol\u00edtica de Tratamiento de Datos Personales del negociosuraba.com&#8221;. Resoluci\u00f3n 2007 de 2018 Condiciones&hellip;<\/p>\n","protected":false},"author":1,"featured_media":0,"parent":0,"menu_order":0,"comment_status":"closed","ping_status":"closed","template":"","meta":{"content-type":"","om_disable_all_campaigns":false,"_monsterinsights_skip_tracking":false,"_monsterinsights_sitenote_active":false,"_monsterinsights_sitenote_note":"","_monsterinsights_sitenote_category":0,"_uf_show_specific_survey":0,"_uf_disable_surveys":false,"footnotes":"","_joinchat":[]},"aioseo_notices":[],"_links":{"self":[{"href":"https:\/\/www.negociosuraba.com\/blog\/wp-json\/wp\/v2\/pages\/51"}],"collection":[{"href":"https:\/\/www.negociosuraba.com\/blog\/wp-json\/wp\/v2\/pages"}],"about":[{"href":"https:\/\/www.negociosuraba.com\/blog\/wp-json\/wp\/v2\/types\/page"}],"author":[{"embeddable":true,"href":"https:\/\/www.negociosuraba.com\/blog\/wp-json\/wp\/v2\/users\/1"}],"replies":[{"embeddable":true,"href":"https:\/\/www.negociosuraba.com\/blog\/wp-json\/wp\/v2\/comments?post=51"}],"version-history":[{"count":1,"href":"https:\/\/www.negociosuraba.com\/blog\/wp-json\/wp\/v2\/pages\/51\/revisions"}],"predecessor-version":[{"id":52,"href":"https:\/\/www.negociosuraba.com\/blog\/wp-json\/wp\/v2\/pages\/51\/revisions\/52"}],"wp:attachment":[{"href":"https:\/\/www.negociosuraba.com\/blog\/wp-json\/wp\/v2\/media?parent=51"}],"curies":[{"name":"wp","href":"https:\/\/api.w.org\/{rel}","templated":true}]}}