{"id":510,"date":"2026-03-05T20:36:29","date_gmt":"2026-03-06T01:36:29","guid":{"rendered":"https:\/\/www.negociosuraba.com\/blog\/?page_id=510"},"modified":"2026-03-05T20:48:31","modified_gmt":"2026-03-06T01:48:31","slug":"tu-opinion-es-muy-importante-para-nosotros","status":"publish","type":"page","link":"https:\/\/www.negociosuraba.com\/blog\/tu-opinion-es-muy-importante-para-nosotros\/","title":{"rendered":"Tu opini\u00f3n es muy importante para nosotros"},"content":{"rendered":"\n<div class=\"wpcf7 no-js\" id=\"wpcf7-f509-o1\" lang=\"es-CO\" dir=\"ltr\">\n<div class=\"screen-reader-response\"><p role=\"status\" aria-live=\"polite\" aria-atomic=\"true\"><\/p> <ul><\/ul><\/div>\n<form action=\"\/blog\/wp-json\/wp\/v2\/pages\/510#wpcf7-f509-o1\" method=\"post\" class=\"wpcf7-form init\" aria-label=\"Formulario de contacto\" novalidate=\"novalidate\" data-status=\"init\">\n<div style=\"display: none;\">\n<input type=\"hidden\" name=\"_wpcf7\" value=\"509\" \/>\n<input type=\"hidden\" name=\"_wpcf7_version\" value=\"5.9.8\" \/>\n<input type=\"hidden\" name=\"_wpcf7_locale\" value=\"es_CO\" \/>\n<input type=\"hidden\" name=\"_wpcf7_unit_tag\" value=\"wpcf7-f509-o1\" \/>\n<input type=\"hidden\" name=\"_wpcf7_container_post\" value=\"0\" \/>\n<input type=\"hidden\" name=\"_wpcf7_posted_data_hash\" value=\"\" \/>\n<\/div>\n<p><label> \u00bfQu\u00e9 calificaci\u00f3n le das al sitio de 1 a 5 y por qu\u00e9?<br \/>\n<span class=\"wpcf7-form-control-wrap\" data-name=\"correo\"><input size=\"40\" maxlength=\"400\" class=\"wpcf7-form-control wpcf7-email wpcf7-validates-as-required wpcf7-text wpcf7-validates-as-email\" aria-required=\"true\" aria-invalid=\"false\" placeholder=\"Tu correo de contacto\" value=\"\" type=\"email\" name=\"correo\" \/><\/span><br \/>\n<\/label>\n<\/p>\n<p><label> \u00bfQu\u00e9 calificaci\u00f3n le das al sitio de 1 a 5 y por qu\u00e9?<br \/>\n<span class=\"wpcf7-form-control-wrap\" data-name=\"calificacion\"><input class=\"wpcf7-form-control wpcf7-number wpcf7-validates-as-required wpcf7-validates-as-number\" min=\"1\" max=\"5\" aria-required=\"true\" aria-invalid=\"false\" placeholder=\"Escribe un n\u00famero del 1 al 5\" value=\"\" type=\"number\" name=\"calificacion\" \/><\/span><br \/>\n<\/label>\n<\/p>\n<p><label> Cu\u00e9ntanos por qu\u00e9 diste esa calificaci\u00f3n<br \/>\n<span class=\"wpcf7-form-control-wrap\" data-name=\"motivo-calificacion\"><textarea cols=\"40\" rows=\"2\" maxlength=\"2000\" class=\"wpcf7-form-control wpcf7-textarea wpcf7-validates-as-required\" aria-required=\"true\" aria-invalid=\"false\" placeholder=\"Escribe tu opini\u00f3n sobre el sitio\" name=\"motivo-calificacion\"><\/textarea><\/span><br \/>\n<\/label>\n<\/p>\n<p><label> \u00bfHa tenido alguna dificultad dentro del sitio?<br \/>\n<span class=\"wpcf7-form-control-wrap\" data-name=\"dificultad-sitio\"><textarea cols=\"40\" rows=\"2\" maxlength=\"2000\" class=\"wpcf7-form-control wpcf7-textarea\" aria-invalid=\"false\" placeholder=\"Describe cualquier problema o dificultad que hayas tenido\" name=\"dificultad-sitio\"><\/textarea><\/span><br \/>\n<\/label>\n<\/p>\n<p><label> \u00bfHa recibido contactos o cerrado negocios gracias a nuestro sitio?<br \/>\n<span class=\"wpcf7-form-control-wrap\" data-name=\"negocios-cerrados\"><select class=\"wpcf7-form-control wpcf7-select wpcf7-validates-as-required\" aria-required=\"true\" aria-invalid=\"false\" name=\"negocios-cerrados\"><option value=\"Selecciona\">Selecciona<\/option><option value=\"S\u00ed\">S\u00ed<\/option><option value=\"No\">No<\/option><\/select><\/span><br \/>\n<\/label>\n<\/p>\n<p><label> \u00bfTiene alg\u00fan proyecto o idea tecnol\u00f3gica y necesita ayuda?<br \/>\n<span class=\"wpcf7-form-control-wrap\" data-name=\"idea-tecnologica\"><textarea cols=\"40\" rows=\"2\" maxlength=\"2000\" class=\"wpcf7-form-control wpcf7-textarea\" aria-invalid=\"false\" placeholder=\"Cu\u00e9ntanos tu idea o proyecto tecnol\u00f3gico\" name=\"idea-tecnologica\"><\/textarea><\/span><br \/>\n<\/label>\n<\/p>\n<p><input class=\"wpcf7-form-control wpcf7-submit has-spinner\" type=\"submit\" value=\"Enviar opini\u00f3n\" \/>\n<\/p><p style=\"display: none !important;\" class=\"akismet-fields-container\" data-prefix=\"_wpcf7_ak_\"><label>&#916;<textarea name=\"_wpcf7_ak_hp_textarea\" cols=\"45\" rows=\"8\" maxlength=\"100\"><\/textarea><\/label><input type=\"hidden\" id=\"ak_js_1\" name=\"_wpcf7_ak_js\" value=\"4\"\/><script>document.getElementById( \"ak_js_1\" ).setAttribute( \"value\", ( new Date() ).getTime() );<\/script><\/p><div class=\"wpcf7-response-output\" aria-hidden=\"true\"><\/div>\n<\/form>\n<\/div>\n\n","protected":false},"excerpt":{"rendered":"<p>Tu opini\u00f3n es muy importante para nosotros<\/p>\n","protected":false},"author":1,"featured_media":0,"parent":0,"menu_order":0,"comment_status":"closed","ping_status":"closed","template":"","meta":{"content-type":"","om_disable_all_campaigns":true,"_monsterinsights_skip_tracking":false,"_monsterinsights_sitenote_active":false,"_monsterinsights_sitenote_note":"","_monsterinsights_sitenote_category":0,"_uf_show_specific_survey":0,"_uf_disable_surveys":false,"footnotes":"","_joinchat":[]},"aioseo_notices":[],"_links":{"self":[{"href":"https:\/\/www.negociosuraba.com\/blog\/wp-json\/wp\/v2\/pages\/510"}],"collection":[{"href":"https:\/\/www.negociosuraba.com\/blog\/wp-json\/wp\/v2\/pages"}],"about":[{"href":"https:\/\/www.negociosuraba.com\/blog\/wp-json\/wp\/v2\/types\/page"}],"author":[{"embeddable":true,"href":"https:\/\/www.negociosuraba.com\/blog\/wp-json\/wp\/v2\/users\/1"}],"replies":[{"embeddable":true,"href":"https:\/\/www.negociosuraba.com\/blog\/wp-json\/wp\/v2\/comments?post=510"}],"version-history":[{"count":2,"href":"https:\/\/www.negociosuraba.com\/blog\/wp-json\/wp\/v2\/pages\/510\/revisions"}],"predecessor-version":[{"id":513,"href":"https:\/\/www.negociosuraba.com\/blog\/wp-json\/wp\/v2\/pages\/510\/revisions\/513"}],"wp:attachment":[{"href":"https:\/\/www.negociosuraba.com\/blog\/wp-json\/wp\/v2\/media?parent=510"}],"curies":[{"name":"wp","href":"https:\/\/api.w.org\/{rel}","templated":true}]}}