{"id":6,"date":"2019-02-19T06:16:12","date_gmt":"2019-02-19T06:16:12","guid":{"rendered":"https:\/\/negociosuraba.com\/blog\/?page_id=6"},"modified":"2023-05-28T15:54:53","modified_gmt":"2023-05-28T20:54:53","slug":"hablemos-de-negocios","status":"publish","type":"page","link":"https:\/\/www.negociosuraba.com\/blog\/hablemos-de-negocios\/","title":{"rendered":"Hablemos de Negocios"},"content":{"rendered":"\n<p style=\"text-align:center\"><strong> \u00a1Reg\u00edstrate en <\/strong><a href=\"http:\/\/www.negociosuraba.com\"><strong>www.negociosuraba.com<\/strong><\/a><strong>  y mejora tu negocio este a\u00f1o!<\/strong><\/p>\n\n\n\n<p> Aprovecha esta incre\u00edble oportunidad para  conectarte con usuarios de nuestra regi\u00f3n que est\u00e1n buscando  exactamente lo que t\u00fa tienes para ofrecer. No pierdas la oportunidad de  ampliar tu alcance y aumentar tus ventas. <\/p>\n\n\n\n<p style=\"text-align:center\"><strong>\u00a1Reg\u00edstrate ahora y lleva tu  negocio al siguiente nivel! <br>Juntos, lograremos el \u00e9xito que tanto  deseas.<\/strong><\/p>\n\n\n\n<p> #NegociosUraba #Registro #MejoraTuNegocio <\/p>\n\n\n\n<p><\/p>\n\n\n\n<p><iframe width=\"500\" height=\"281\" src=\"https:\/\/www.youtube.com\/embed\/TyEhWFanJdo?feature=oembed\" frameborder=\"0\" allow=\"accelerometer; autoplay; clipboard-write; encrypted-media; gyroscope; picture-in-picture; web-share\" allowfullscreen title=\"URABA: NEGOCIOS VISIBLES 24 \/ 7\"><\/iframe><\/p>\n\n\n\n<p><\/p>\n","protected":false},"excerpt":{"rendered":"<p>\u00a1Reg\u00edstrate en www.negociosuraba.com y mejora tu negocio este a\u00f1o! Aprovecha esta incre\u00edble oportunidad para conectarte con usuarios de nuestra regi\u00f3n que est\u00e1n buscando exactamente lo que t\u00fa tienes para ofrecer.&hellip;<\/p>\n","protected":false},"author":1,"featured_media":35,"parent":0,"menu_order":0,"comment_status":"closed","ping_status":"closed","template":"","meta":{"content-type":"","om_disable_all_campaigns":false,"_monsterinsights_skip_tracking":false,"_monsterinsights_sitenote_active":false,"_monsterinsights_sitenote_note":"","_monsterinsights_sitenote_category":0,"_uf_show_specific_survey":0,"_uf_disable_surveys":false,"footnotes":"","_joinchat":[]},"aioseo_notices":[],"_links":{"self":[{"href":"https:\/\/www.negociosuraba.com\/blog\/wp-json\/wp\/v2\/pages\/6"}],"collection":[{"href":"https:\/\/www.negociosuraba.com\/blog\/wp-json\/wp\/v2\/pages"}],"about":[{"href":"https:\/\/www.negociosuraba.com\/blog\/wp-json\/wp\/v2\/types\/page"}],"author":[{"embeddable":true,"href":"https:\/\/www.negociosuraba.com\/blog\/wp-json\/wp\/v2\/users\/1"}],"replies":[{"embeddable":true,"href":"https:\/\/www.negociosuraba.com\/blog\/wp-json\/wp\/v2\/comments?post=6"}],"version-history":[{"count":9,"href":"https:\/\/www.negociosuraba.com\/blog\/wp-json\/wp\/v2\/pages\/6\/revisions"}],"predecessor-version":[{"id":318,"href":"https:\/\/www.negociosuraba.com\/blog\/wp-json\/wp\/v2\/pages\/6\/revisions\/318"}],"wp:featuredmedia":[{"embeddable":true,"href":"https:\/\/www.negociosuraba.com\/blog\/wp-json\/wp\/v2\/media\/35"}],"wp:attachment":[{"href":"https:\/\/www.negociosuraba.com\/blog\/wp-json\/wp\/v2\/media?parent=6"}],"curies":[{"name":"wp","href":"https:\/\/api.w.org\/{rel}","templated":true}]}}